{"id":366,"date":"2024-02-28T16:21:56","date_gmt":"2024-02-28T15:21:56","guid":{"rendered":"http:\/\/hkvfczr.cluster029.hosting.ovh.net\/?page_id=366"},"modified":"2024-03-25T19:04:05","modified_gmt":"2024-03-25T18:04:05","slug":"agenda","status":"publish","type":"page","link":"https:\/\/www.woodsdogandpony.be\/index.php\/agenda\/","title":{"rendered":"Agenda"},"content":{"rendered":"\t\t<div data-elementor-type=\"wp-page\" data-elementor-id=\"366\" class=\"elementor elementor-366\">\n\t\t\t\t<div class=\"elementor-element elementor-element-0a60a66 e-con-full e-flex wpr-particle-no wpr-jarallax-no wpr-parallax-no wpr-sticky-section-no e-con e-parent\" data-id=\"0a60a66\" data-element_type=\"container\" data-settings=\"{&quot;background_background&quot;:&quot;classic&quot;}\" data-core-v316-plus=\"true\">\n\t\t<div class=\"elementor-element elementor-element-c6ee5c9 e-con-full e-flex wpr-particle-no wpr-jarallax-no wpr-parallax-no wpr-sticky-section-no e-con e-child\" data-id=\"c6ee5c9\" data-element_type=\"container\" data-settings=\"{&quot;background_background&quot;:&quot;classic&quot;}\">\n\t\t\t\t<\/div>\n\t\t\t\t<\/div>\n\t\t<div class=\"elementor-element elementor-element-bd6e6b4 e-flex e-con-boxed wpr-particle-no wpr-jarallax-no wpr-parallax-no wpr-sticky-section-no e-con e-parent\" data-id=\"bd6e6b4\" data-element_type=\"container\" data-settings=\"{&quot;background_background&quot;:&quot;classic&quot;}\" data-core-v316-plus=\"true\">\n\t\t\t\t\t<div class=\"e-con-inner\">\n\t\t\t\t<div class=\"elementor-element elementor-element-9143008 elementor-widget elementor-widget-heading\" data-id=\"9143008\" data-element_type=\"widget\" data-widget_type=\"heading.default\">\n\t\t\t\t<div class=\"elementor-widget-container\">\n\t\t\t<style>\/*! elementor - v3.20.0 - 26-03-2024 *\/\n.elementor-heading-title{padding:0;margin:0;line-height:1}.elementor-widget-heading .elementor-heading-title[class*=elementor-size-]>a{color:inherit;font-size:inherit;line-height:inherit}.elementor-widget-heading .elementor-heading-title.elementor-size-small{font-size:15px}.elementor-widget-heading .elementor-heading-title.elementor-size-medium{font-size:19px}.elementor-widget-heading .elementor-heading-title.elementor-size-large{font-size:29px}.elementor-widget-heading .elementor-heading-title.elementor-size-xl{font-size:39px}.elementor-widget-heading .elementor-heading-title.elementor-size-xxl{font-size:59px}<\/style><h1 class=\"elementor-heading-title elementor-size-default\">AGENDA<\/h1>\t\t<\/div>\n\t\t\t\t<\/div>\n\t\t\t\t<div class=\"elementor-element elementor-element-a88d047 elementor-widget elementor-widget-text-editor\" data-id=\"a88d047\" data-element_type=\"widget\" data-widget_type=\"text-editor.default\">\n\t\t\t\t<div class=\"elementor-widget-container\">\n\t\t\t<style>\/*! elementor - v3.20.0 - 26-03-2024 *\/\n.elementor-widget-text-editor.elementor-drop-cap-view-stacked .elementor-drop-cap{background-color:#69727d;color:#fff}.elementor-widget-text-editor.elementor-drop-cap-view-framed .elementor-drop-cap{color:#69727d;border:3px solid;background-color:transparent}.elementor-widget-text-editor:not(.elementor-drop-cap-view-default) .elementor-drop-cap{margin-top:8px}.elementor-widget-text-editor:not(.elementor-drop-cap-view-default) .elementor-drop-cap-letter{width:1em;height:1em}.elementor-widget-text-editor .elementor-drop-cap{float:left;text-align:center;line-height:1;font-size:50px}.elementor-widget-text-editor .elementor-drop-cap-letter{display:inline-block}<\/style>\t\t\t\t<p><b>D\u00e9couvrez <\/b>notre <b>calendrier <\/b>avec les <b>dates <\/b>des prochains <b>stages <\/b>et <b>\u00e9v\u00e9nements <\/b>de notre asbl. <b>Rejoignez<\/b>&#8211;<b>nous <\/b>pour des <b>moments <\/b>inoubliables avec nos <b>animaux <\/b>et vivez des <b>exp\u00e9riences <\/b>unique en leur compagnie.<\/p>\t\t\t\t\t\t<\/div>\n\t\t\t\t<\/div>\n\t\t\t\t<div class=\"elementor-element elementor-element-6d767c1 elementor-widget elementor-widget-text-editor\" data-id=\"6d767c1\" data-element_type=\"widget\" data-widget_type=\"text-editor.default\">\n\t\t\t\t<div class=\"elementor-widget-container\">\n\t\t\t\t\t\t\t<p>Pour avoir plus d&rsquo;informations et pour r\u00e9servez les stages de votre enfant, cliquez sur le lien ci-dessous pour \u00eatre redirig\u00e9 vers le site Famio.<\/p>\t\t\t\t\t\t<\/div>\n\t\t\t\t<\/div>\n\t\t\t\t<div class=\"elementor-element elementor-element-59ba29b elementor-align-center elementor-widget elementor-widget-button\" data-id=\"59ba29b\" data-element_type=\"widget\" data-widget_type=\"button.default\">\n\t\t\t\t<div class=\"elementor-widget-container\">\n\t\t\t\t\t<div class=\"elementor-button-wrapper\">\n\t\t\t<a class=\"elementor-button elementor-button-link elementor-size-sm\" href=\"https:\/\/www.famio.be\/fr\/camps\/146\/detail\/\">\n\t\t\t\t\t\t<span class=\"elementor-button-content-wrapper\">\n\t\t\t\t\t\t<span class=\"elementor-button-text\">R\u00e9servez un stage<\/span>\n\t\t<\/span>\n\t\t\t\t\t<\/a>\n\t\t<\/div>\n\t\t\t\t<\/div>\n\t\t\t\t<\/div>\n\t\t\t\t<div class=\"elementor-element elementor-element-8c3dcd4 elementor-widget elementor-widget-spacer\" data-id=\"8c3dcd4\" data-element_type=\"widget\" data-widget_type=\"spacer.default\">\n\t\t\t\t<div class=\"elementor-widget-container\">\n\t\t\t<style>\/*! elementor - v3.20.0 - 26-03-2024 *\/\n.elementor-column .elementor-spacer-inner{height:var(--spacer-size)}.e-con{--container-widget-width:100%}.e-con-inner>.elementor-widget-spacer,.e-con>.elementor-widget-spacer{width:var(--container-widget-width,var(--spacer-size));--align-self:var(--container-widget-align-self,initial);--flex-shrink:0}.e-con-inner>.elementor-widget-spacer>.elementor-widget-container,.e-con>.elementor-widget-spacer>.elementor-widget-container{height:100%;width:100%}.e-con-inner>.elementor-widget-spacer>.elementor-widget-container>.elementor-spacer,.e-con>.elementor-widget-spacer>.elementor-widget-container>.elementor-spacer{height:100%}.e-con-inner>.elementor-widget-spacer>.elementor-widget-container>.elementor-spacer>.elementor-spacer-inner,.e-con>.elementor-widget-spacer>.elementor-widget-container>.elementor-spacer>.elementor-spacer-inner{height:var(--container-widget-height,var(--spacer-size))}.e-con-inner>.elementor-widget-spacer.elementor-widget-empty,.e-con>.elementor-widget-spacer.elementor-widget-empty{position:relative;min-height:22px;min-width:22px}.e-con-inner>.elementor-widget-spacer.elementor-widget-empty .elementor-widget-empty-icon,.e-con>.elementor-widget-spacer.elementor-widget-empty .elementor-widget-empty-icon{position:absolute;top:0;bottom:0;left:0;right:0;margin:auto;padding:0;width:22px;height:22px}<\/style>\t\t<div class=\"elementor-spacer\">\n\t\t\t<div class=\"elementor-spacer-inner\"><\/div>\n\t\t<\/div>\n\t\t\t\t<\/div>\n\t\t\t\t<\/div>\n\t\t\t\t\t<\/div>\n\t\t\t\t<\/div>\n\t\t<div class=\"elementor-element elementor-element-7691167 e-flex e-con-boxed wpr-particle-no wpr-jarallax-no wpr-parallax-no wpr-sticky-section-no e-con e-parent\" data-id=\"7691167\" data-element_type=\"container\" data-settings=\"{&quot;background_background&quot;:&quot;classic&quot;}\" data-core-v316-plus=\"true\">\n\t\t\t\t\t<div class=\"e-con-inner\">\n\t\t\t\t<div class=\"elementor-element elementor-element-f2a584a elementor-widget elementor-widget-eael-event-calendar\" data-id=\"f2a584a\" data-element_type=\"widget\" data-widget_type=\"eael-event-calendar.default\">\n\t\t\t\t<div class=\"elementor-widget-container\">\n\t\t\t<div class=\"eael-event-calendar-wrapper layout-calendar\"><div id=\"eael-event-calendar-f2a584a\" class=\"eael-event-calendar-cls\"\n            data-cal_id = \"f2a584a\"\n            data-locale = \"fr\"\n            data-translate = \"{&quot;today&quot;:&quot;Today&quot;,&quot;tomorrow&quot;:&quot;Tomorrow&quot;}\"\n            data-defaultview = \"dayGridMonth\"\n            data-defaultdate = \"2026-04-16\"\n            data-time_format = \"\"\n            data-event_limit = \"3\"\n            data-popup_date_formate = \"MMM Do\"\n            data-multidays_event_day_count= \"0\"\n            data-hideDetailsLink= \"\"\n            data-detailsButtonText = \"Event Details\"\n            data-events=\"[]\"\n            data-first_day=\"1\"><\/div>\n            <div id=\"eaelecModal\" class=\"eaelec-modal eael-zoom-in\">\n            <div class=\"eael-ec-modal-bg\"><\/div>\n            <div class=\"eaelec-modal-content\">\n                <div class=\"eaelec-modal-header\">\n                    <div class=\"eaelec-modal-close\"><span><i class=\"fas fa-times\"><\/i><\/span><\/div>\n                    <h2 class=\"eael-ec-modal-title\"><\/h2>\n                    <span class=\"eaelec-event-date-start eaelec-event-popup-date\"><\/span>\n                    <span class=\"eaelec-event-date-end eaelec-event-popup-date\"><\/span>\n                <\/div>\n                <div class=\"eaelec-modal-body\">\n                    <p><\/p>\n                <\/div>\n                <div class=\"eaelec-modal-footer\">\n                    <a class=\"eaelec-event-details-link\">Event Details<\/a>\n                <\/div>\n            <\/div>\n        <\/div><\/div>\t\t<\/div>\n\t\t\t\t<\/div>\n\t\t\t\t\t<\/div>\n\t\t\t\t<\/div>\n\t\t<div class=\"elementor-element elementor-element-32a8094 e-flex e-con-boxed wpr-particle-no wpr-jarallax-no wpr-parallax-no wpr-sticky-section-no e-con e-parent\" data-id=\"32a8094\" data-element_type=\"container\" data-core-v316-plus=\"true\">\n\t\t\t\t\t<div class=\"e-con-inner\">\n\t\t\t\t\t<\/div>\n\t\t\t\t<\/div>\n\t\t\t\t<\/div>\n\t\t","protected":false},"excerpt":{"rendered":"<div class=\"entry-summary\">\nAGENDA D\u00e9couvrez notre calendrier avec les dates des prochains stages et \u00e9v\u00e9nements de notre asbl. Rejoignez&#8211;nous pour des moments inoubliables avec nos animaux et vivez des exp\u00e9riences unique en leur compagnie. Pour avoir plus d&rsquo;informations et pour r\u00e9servez les stages&hellip;\n<\/div>\n<div class=\"link-more\"><a href=\"https:\/\/www.woodsdogandpony.be\/index.php\/agenda\/\" class=\"more-link\">Continue reading<span class=\"screen-reader-text\"> &ldquo;Agenda&rdquo;<\/span>&hellip;<\/a><\/div>\n","protected":false},"author":1,"featured_media":0,"parent":0,"menu_order":0,"comment_status":"closed","ping_status":"closed","template":"","meta":{"footnotes":""},"yoast_head":"<!-- This site is optimized with the Yoast SEO plugin v22.3 - https:\/\/yoast.com\/wordpress\/plugins\/seo\/ -->\n<title>Agenda des stages et \u00e9v\u00e9nements - Woods Dog &amp; Pony ASBL<\/title>\n<meta name=\"description\" content=\"D\u00e9couvrez le calendrier avec les dates des prochains stages pour enfants et \u00e9v\u00e9nements de Wood&#039;s dog &amp; Pony, centre de cynoth\u00e9rapie et hippoth\u00e9rapie.\" \/>\n<meta name=\"robots\" content=\"index, follow, max-snippet:-1, max-image-preview:large, max-video-preview:-1\" \/>\n<link rel=\"canonical\" href=\"https:\/\/www.woodsdogandpony.be\/index.php\/agenda\/\" \/>\n<meta property=\"og:locale\" content=\"fr_FR\" \/>\n<meta property=\"og:type\" content=\"article\" \/>\n<meta property=\"og:title\" content=\"Agenda des stages et \u00e9v\u00e9nements - Woods Dog &amp; Pony ASBL\" \/>\n<meta property=\"og:description\" content=\"D\u00e9couvrez le calendrier avec les dates des prochains stages pour enfants et \u00e9v\u00e9nements de Wood&#039;s dog &amp; Pony, centre de cynoth\u00e9rapie et hippoth\u00e9rapie.\" \/>\n<meta property=\"og:url\" content=\"https:\/\/www.woodsdogandpony.be\/index.php\/agenda\/\" \/>\n<meta property=\"og:site_name\" content=\"Woods Dog &amp; Pony ASBL\" \/>\n<meta property=\"article:publisher\" content=\"https:\/\/www.facebook.com\/WoodsDogBw\" \/>\n<meta property=\"article:modified_time\" content=\"2024-03-25T18:04:05+00:00\" \/>\n<meta name=\"twitter:card\" content=\"summary_large_image\" \/>\n<meta name=\"twitter:label1\" content=\"Dur\u00e9e de lecture estim\u00e9e\" \/>\n\t<meta name=\"twitter:data1\" content=\"1 minute\" \/>\n<script type=\"application\/ld+json\" class=\"yoast-schema-graph\">{\"@context\":\"https:\/\/schema.org\",\"@graph\":[{\"@type\":\"WebPage\",\"@id\":\"https:\/\/www.woodsdogandpony.be\/index.php\/agenda\/\",\"url\":\"https:\/\/www.woodsdogandpony.be\/index.php\/agenda\/\",\"name\":\"Agenda des stages et \u00e9v\u00e9nements - Woods Dog &amp; Pony ASBL\",\"isPartOf\":{\"@id\":\"https:\/\/www.woodsdogandpony.be\/#website\"},\"datePublished\":\"2024-02-28T15:21:56+00:00\",\"dateModified\":\"2024-03-25T18:04:05+00:00\",\"description\":\"D\u00e9couvrez le calendrier avec les dates des prochains stages pour enfants et \u00e9v\u00e9nements de Wood's dog & Pony, centre de cynoth\u00e9rapie et hippoth\u00e9rapie.\",\"breadcrumb\":{\"@id\":\"https:\/\/www.woodsdogandpony.be\/index.php\/agenda\/#breadcrumb\"},\"inLanguage\":\"fr-FR\",\"potentialAction\":[{\"@type\":\"ReadAction\",\"target\":[\"https:\/\/www.woodsdogandpony.be\/index.php\/agenda\/\"]}]},{\"@type\":\"BreadcrumbList\",\"@id\":\"https:\/\/www.woodsdogandpony.be\/index.php\/agenda\/#breadcrumb\",\"itemListElement\":[{\"@type\":\"ListItem\",\"position\":1,\"name\":\"Accueil\",\"item\":\"https:\/\/www.woodsdogandpony.be\/\"},{\"@type\":\"ListItem\",\"position\":2,\"name\":\"Agenda\"}]},{\"@type\":\"WebSite\",\"@id\":\"https:\/\/www.woodsdogandpony.be\/#website\",\"url\":\"https:\/\/www.woodsdogandpony.be\/\",\"name\":\"Woods Dog & Pony ASBL\",\"description\":\"Woods Dog &amp; Pony : Hippoth\u00e9rapie, cynoth\u00e9rapie, m\u00e9diation animale et stages pour tous, dans le Brabant Wallon.\",\"publisher\":{\"@id\":\"https:\/\/www.woodsdogandpony.be\/#organization\"},\"potentialAction\":[{\"@type\":\"SearchAction\",\"target\":{\"@type\":\"EntryPoint\",\"urlTemplate\":\"https:\/\/www.woodsdogandpony.be\/?s={search_term_string}\"},\"query-input\":\"required name=search_term_string\"}],\"inLanguage\":\"fr-FR\"},{\"@type\":\"Organization\",\"@id\":\"https:\/\/www.woodsdogandpony.be\/#organization\",\"name\":\"Woods Dog & Pony ASBL\",\"url\":\"https:\/\/www.woodsdogandpony.be\/\",\"logo\":{\"@type\":\"ImageObject\",\"inLanguage\":\"fr-FR\",\"@id\":\"https:\/\/www.woodsdogandpony.be\/#\/schema\/logo\/image\/\",\"url\":\"https:\/\/www.woodsdogandpony.be\/wp-content\/uploads\/2024\/03\/logo-princip.png\",\"contentUrl\":\"https:\/\/www.woodsdogandpony.be\/wp-content\/uploads\/2024\/03\/logo-princip.png\",\"width\":3617,\"height\":2926,\"caption\":\"Woods Dog & Pony ASBL\"},\"image\":{\"@id\":\"https:\/\/www.woodsdogandpony.be\/#\/schema\/logo\/image\/\"},\"sameAs\":[\"https:\/\/www.facebook.com\/WoodsDogBw\",\"https:\/\/www.famio.be\/fr\/activity\/135\/detail\/\"]}]}<\/script>\n<!-- \/ Yoast SEO plugin. -->","yoast_head_json":{"title":"Agenda des stages et \u00e9v\u00e9nements - Woods Dog &amp; Pony ASBL","description":"D\u00e9couvrez le calendrier avec les dates des prochains stages pour enfants et \u00e9v\u00e9nements de Wood's dog & Pony, centre de cynoth\u00e9rapie et hippoth\u00e9rapie.","robots":{"index":"index","follow":"follow","max-snippet":"max-snippet:-1","max-image-preview":"max-image-preview:large","max-video-preview":"max-video-preview:-1"},"canonical":"https:\/\/www.woodsdogandpony.be\/index.php\/agenda\/","og_locale":"fr_FR","og_type":"article","og_title":"Agenda des stages et \u00e9v\u00e9nements - Woods Dog &amp; Pony ASBL","og_description":"D\u00e9couvrez le calendrier avec les dates des prochains stages pour enfants et \u00e9v\u00e9nements de Wood's dog & Pony, centre de cynoth\u00e9rapie et hippoth\u00e9rapie.","og_url":"https:\/\/www.woodsdogandpony.be\/index.php\/agenda\/","og_site_name":"Woods Dog &amp; Pony ASBL","article_publisher":"https:\/\/www.facebook.com\/WoodsDogBw","article_modified_time":"2024-03-25T18:04:05+00:00","twitter_card":"summary_large_image","twitter_misc":{"Dur\u00e9e de lecture estim\u00e9e":"1 minute"},"schema":{"@context":"https:\/\/schema.org","@graph":[{"@type":"WebPage","@id":"https:\/\/www.woodsdogandpony.be\/index.php\/agenda\/","url":"https:\/\/www.woodsdogandpony.be\/index.php\/agenda\/","name":"Agenda des stages et \u00e9v\u00e9nements - Woods Dog &amp; Pony ASBL","isPartOf":{"@id":"https:\/\/www.woodsdogandpony.be\/#website"},"datePublished":"2024-02-28T15:21:56+00:00","dateModified":"2024-03-25T18:04:05+00:00","description":"D\u00e9couvrez le calendrier avec les dates des prochains stages pour enfants et \u00e9v\u00e9nements de Wood's dog & Pony, centre de cynoth\u00e9rapie et hippoth\u00e9rapie.","breadcrumb":{"@id":"https:\/\/www.woodsdogandpony.be\/index.php\/agenda\/#breadcrumb"},"inLanguage":"fr-FR","potentialAction":[{"@type":"ReadAction","target":["https:\/\/www.woodsdogandpony.be\/index.php\/agenda\/"]}]},{"@type":"BreadcrumbList","@id":"https:\/\/www.woodsdogandpony.be\/index.php\/agenda\/#breadcrumb","itemListElement":[{"@type":"ListItem","position":1,"name":"Accueil","item":"https:\/\/www.woodsdogandpony.be\/"},{"@type":"ListItem","position":2,"name":"Agenda"}]},{"@type":"WebSite","@id":"https:\/\/www.woodsdogandpony.be\/#website","url":"https:\/\/www.woodsdogandpony.be\/","name":"Woods Dog & Pony ASBL","description":"Woods Dog &amp; Pony : Hippoth\u00e9rapie, cynoth\u00e9rapie, m\u00e9diation animale et stages pour tous, dans le Brabant Wallon.","publisher":{"@id":"https:\/\/www.woodsdogandpony.be\/#organization"},"potentialAction":[{"@type":"SearchAction","target":{"@type":"EntryPoint","urlTemplate":"https:\/\/www.woodsdogandpony.be\/?s={search_term_string}"},"query-input":"required name=search_term_string"}],"inLanguage":"fr-FR"},{"@type":"Organization","@id":"https:\/\/www.woodsdogandpony.be\/#organization","name":"Woods Dog & Pony ASBL","url":"https:\/\/www.woodsdogandpony.be\/","logo":{"@type":"ImageObject","inLanguage":"fr-FR","@id":"https:\/\/www.woodsdogandpony.be\/#\/schema\/logo\/image\/","url":"https:\/\/www.woodsdogandpony.be\/wp-content\/uploads\/2024\/03\/logo-princip.png","contentUrl":"https:\/\/www.woodsdogandpony.be\/wp-content\/uploads\/2024\/03\/logo-princip.png","width":3617,"height":2926,"caption":"Woods Dog & Pony ASBL"},"image":{"@id":"https:\/\/www.woodsdogandpony.be\/#\/schema\/logo\/image\/"},"sameAs":["https:\/\/www.facebook.com\/WoodsDogBw","https:\/\/www.famio.be\/fr\/activity\/135\/detail\/"]}]}},"jetpack_sharing_enabled":true,"amp_enabled":true,"_links":{"self":[{"href":"https:\/\/www.woodsdogandpony.be\/index.php\/wp-json\/wp\/v2\/pages\/366"}],"collection":[{"href":"https:\/\/www.woodsdogandpony.be\/index.php\/wp-json\/wp\/v2\/pages"}],"about":[{"href":"https:\/\/www.woodsdogandpony.be\/index.php\/wp-json\/wp\/v2\/types\/page"}],"author":[{"embeddable":true,"href":"https:\/\/www.woodsdogandpony.be\/index.php\/wp-json\/wp\/v2\/users\/1"}],"replies":[{"embeddable":true,"href":"https:\/\/www.woodsdogandpony.be\/index.php\/wp-json\/wp\/v2\/comments?post=366"}],"version-history":[{"count":50,"href":"https:\/\/www.woodsdogandpony.be\/index.php\/wp-json\/wp\/v2\/pages\/366\/revisions"}],"predecessor-version":[{"id":1640,"href":"https:\/\/www.woodsdogandpony.be\/index.php\/wp-json\/wp\/v2\/pages\/366\/revisions\/1640"}],"wp:attachment":[{"href":"https:\/\/www.woodsdogandpony.be\/index.php\/wp-json\/wp\/v2\/media?parent=366"}],"curies":[{"name":"wp","href":"https:\/\/api.w.org\/{rel}","templated":true}]}}